{"id":3652,"date":"2017-11-08T08:44:44","date_gmt":"2017-11-08T06:44:44","guid":{"rendered":"http:\/\/ehitus5eco.ee\/tule-toole\/"},"modified":"2018-02-16T10:44:37","modified_gmt":"2018-02-16T08:44:37","slug":"come-work-us","status":"publish","type":"page","link":"https:\/\/ehitus5eco.ee\/en\/come-work-us\/","title":{"rendered":"Work with us"},"content":{"rendered":"<p>Ehitus5ECO is a modern and developing company with a great work environment \u2013 just the place for you to meet new challenges and feel happy and satisfied about the work done.<\/p>\n","protected":false},"excerpt":{"rendered":"<p>Ehitus5ECO is a modern and developing company with a great work environment \u2013 just the place for you to meet new challenges and feel happy and satisfied about the work done.<\/p>\n","protected":false},"author":1,"featured_media":0,"parent":0,"menu_order":22,"comment_status":"closed","ping_status":"closed","template":"templates\/tule.php","meta":{"_acf_changed":false,"footnotes":""},"class_list":["post-3652","page","type-page","status-publish","hentry"],"acf":[],"yoast_head":"<!-- This site is optimized with the Yoast SEO plugin v27.3 - https:\/\/yoast.com\/product\/yoast-seo-wordpress\/ -->\n<title>Construction Company Ehitus5Eco \u2013 Work with us<\/title>\n<meta name=\"description\" content=\"Ehitus5Eco is a great company to work for. We support the personal development of our people. We value their professional skills and competencies, spirit of cooperation, initiative and positive mindset.\" \/>\n<meta name=\"robots\" content=\"index, follow, max-snippet:-1, max-image-preview:large, max-video-preview:-1\" \/>\n<link rel=\"canonical\" href=\"https:\/\/ehitus5eco.ee\/en\/come-work-us\/\" \/>\n<meta property=\"og:locale\" content=\"en_US\" \/>\n<meta property=\"og:type\" content=\"article\" \/>\n<meta property=\"og:title\" content=\"Construction Company Ehitus5Eco \u2013 Work with us\" \/>\n<meta property=\"og:description\" content=\"Ehitus5Eco is a great company to work for. We support the personal development of our people. We value their professional skills and competencies, spirit of cooperation, initiative and positive mindset.\" \/>\n<meta property=\"og:url\" content=\"https:\/\/ehitus5eco.ee\/en\/come-work-us\/\" \/>\n<meta property=\"og:site_name\" content=\"Ehitus5ECO\" \/>\n<meta property=\"article:modified_time\" content=\"2018-02-16T08:44:37+00:00\" \/>\n<meta name=\"twitter:card\" content=\"summary_large_image\" \/>\n<script type=\"application\/ld+json\" class=\"yoast-schema-graph\">{\"@context\":\"https:\\\/\\\/schema.org\",\"@graph\":[{\"@type\":\"WebPage\",\"@id\":\"https:\\\/\\\/ehitus5eco.ee\\\/en\\\/come-work-us\\\/\",\"url\":\"https:\\\/\\\/ehitus5eco.ee\\\/en\\\/come-work-us\\\/\",\"name\":\"Construction Company Ehitus5Eco \u2013 Work with us\",\"isPartOf\":{\"@id\":\"https:\\\/\\\/ehitus5eco.ee\\\/en\\\/#website\"},\"datePublished\":\"2017-11-08T06:44:44+00:00\",\"dateModified\":\"2018-02-16T08:44:37+00:00\",\"description\":\"Ehitus5Eco is a great company to work for. We support the personal development of our people. We value their professional skills and competencies, spirit of cooperation, initiative and positive mindset.\",\"breadcrumb\":{\"@id\":\"https:\\\/\\\/ehitus5eco.ee\\\/en\\\/come-work-us\\\/#breadcrumb\"},\"inLanguage\":\"en-US\",\"potentialAction\":[{\"@type\":\"ReadAction\",\"target\":[\"https:\\\/\\\/ehitus5eco.ee\\\/en\\\/come-work-us\\\/\"]}]},{\"@type\":\"BreadcrumbList\",\"@id\":\"https:\\\/\\\/ehitus5eco.ee\\\/en\\\/come-work-us\\\/#breadcrumb\",\"itemListElement\":[{\"@type\":\"ListItem\",\"position\":1,\"name\":\"Home\",\"item\":\"https:\\\/\\\/ehitus5eco.ee\\\/en\\\/\"},{\"@type\":\"ListItem\",\"position\":2,\"name\":\"Work with us\"}]},{\"@type\":\"WebSite\",\"@id\":\"https:\\\/\\\/ehitus5eco.ee\\\/en\\\/#website\",\"url\":\"https:\\\/\\\/ehitus5eco.ee\\\/en\\\/\",\"name\":\"Ehitus5ECO\",\"description\":\"ehitus ja peat\u00f6\u00f6v\u00f5tt\",\"potentialAction\":[{\"@type\":\"SearchAction\",\"target\":{\"@type\":\"EntryPoint\",\"urlTemplate\":\"https:\\\/\\\/ehitus5eco.ee\\\/en\\\/?s={search_term_string}\"},\"query-input\":{\"@type\":\"PropertyValueSpecification\",\"valueRequired\":true,\"valueName\":\"search_term_string\"}}],\"inLanguage\":\"en-US\"}]}<\/script>\n<!-- \/ Yoast SEO plugin. -->","yoast_head_json":{"title":"Construction Company Ehitus5Eco \u2013 Work with us","description":"Ehitus5Eco is a great company to work for. We support the personal development of our people. We value their professional skills and competencies, spirit of cooperation, initiative and positive mindset.","robots":{"index":"index","follow":"follow","max-snippet":"max-snippet:-1","max-image-preview":"max-image-preview:large","max-video-preview":"max-video-preview:-1"},"canonical":"https:\/\/ehitus5eco.ee\/en\/come-work-us\/","og_locale":"en_US","og_type":"article","og_title":"Construction Company Ehitus5Eco \u2013 Work with us","og_description":"Ehitus5Eco is a great company to work for. We support the personal development of our people. We value their professional skills and competencies, spirit of cooperation, initiative and positive mindset.","og_url":"https:\/\/ehitus5eco.ee\/en\/come-work-us\/","og_site_name":"Ehitus5ECO","article_modified_time":"2018-02-16T08:44:37+00:00","twitter_card":"summary_large_image","schema":{"@context":"https:\/\/schema.org","@graph":[{"@type":"WebPage","@id":"https:\/\/ehitus5eco.ee\/en\/come-work-us\/","url":"https:\/\/ehitus5eco.ee\/en\/come-work-us\/","name":"Construction Company Ehitus5Eco \u2013 Work with us","isPartOf":{"@id":"https:\/\/ehitus5eco.ee\/en\/#website"},"datePublished":"2017-11-08T06:44:44+00:00","dateModified":"2018-02-16T08:44:37+00:00","description":"Ehitus5Eco is a great company to work for. We support the personal development of our people. We value their professional skills and competencies, spirit of cooperation, initiative and positive mindset.","breadcrumb":{"@id":"https:\/\/ehitus5eco.ee\/en\/come-work-us\/#breadcrumb"},"inLanguage":"en-US","potentialAction":[{"@type":"ReadAction","target":["https:\/\/ehitus5eco.ee\/en\/come-work-us\/"]}]},{"@type":"BreadcrumbList","@id":"https:\/\/ehitus5eco.ee\/en\/come-work-us\/#breadcrumb","itemListElement":[{"@type":"ListItem","position":1,"name":"Home","item":"https:\/\/ehitus5eco.ee\/en\/"},{"@type":"ListItem","position":2,"name":"Work with us"}]},{"@type":"WebSite","@id":"https:\/\/ehitus5eco.ee\/en\/#website","url":"https:\/\/ehitus5eco.ee\/en\/","name":"Ehitus5ECO","description":"ehitus ja peat\u00f6\u00f6v\u00f5tt","potentialAction":[{"@type":"SearchAction","target":{"@type":"EntryPoint","urlTemplate":"https:\/\/ehitus5eco.ee\/en\/?s={search_term_string}"},"query-input":{"@type":"PropertyValueSpecification","valueRequired":true,"valueName":"search_term_string"}}],"inLanguage":"en-US"}]}},"_links":{"self":[{"href":"https:\/\/ehitus5eco.ee\/en\/wp-json\/wp\/v2\/pages\/3652","targetHints":{"allow":["GET"]}}],"collection":[{"href":"https:\/\/ehitus5eco.ee\/en\/wp-json\/wp\/v2\/pages"}],"about":[{"href":"https:\/\/ehitus5eco.ee\/en\/wp-json\/wp\/v2\/types\/page"}],"author":[{"embeddable":true,"href":"https:\/\/ehitus5eco.ee\/en\/wp-json\/wp\/v2\/users\/1"}],"replies":[{"embeddable":true,"href":"https:\/\/ehitus5eco.ee\/en\/wp-json\/wp\/v2\/comments?post=3652"}],"version-history":[{"count":5,"href":"https:\/\/ehitus5eco.ee\/en\/wp-json\/wp\/v2\/pages\/3652\/revisions"}],"predecessor-version":[{"id":3716,"href":"https:\/\/ehitus5eco.ee\/en\/wp-json\/wp\/v2\/pages\/3652\/revisions\/3716"}],"wp:attachment":[{"href":"https:\/\/ehitus5eco.ee\/en\/wp-json\/wp\/v2\/media?parent=3652"}],"curies":[{"name":"wp","href":"https:\/\/api.w.org\/{rel}","templated":true}]}}