{"id":3637,"date":"2017-11-08T08:42:43","date_gmt":"2017-11-08T06:42:43","guid":{"rendered":"http:\/\/ehitus5eco.ee\/contact-us\/buroo\/"},"modified":"2018-02-09T13:32:58","modified_gmt":"2018-02-09T11:32:58","slug":"office","status":"publish","type":"page","link":"https:\/\/ehitus5eco.ee\/en\/contact-us\/office\/","title":{"rendered":"Office"},"content":{"rendered":"","protected":false},"excerpt":{"rendered":"","protected":false},"author":1,"featured_media":0,"parent":3633,"menu_order":11,"comment_status":"closed","ping_status":"closed","template":"templates\/persons_noimg.php","meta":{"_acf_changed":false,"footnotes":""},"class_list":["post-3637","page","type-page","status-publish","hentry"],"acf":[],"yoast_head":"<!-- This site is optimized with the Yoast SEO plugin v27.3 - https:\/\/yoast.com\/product\/yoast-seo-wordpress\/ -->\n<title>Office - Ehitus5ECO<\/title>\n<meta name=\"description\" content=\"We support the personal development of our people. We value their professional skills and competencies, spirit of cooperation, initiative and positive mindset.\" \/>\n<meta name=\"robots\" content=\"index, follow, max-snippet:-1, max-image-preview:large, max-video-preview:-1\" \/>\n<link rel=\"canonical\" href=\"https:\/\/ehitus5eco.ee\/en\/contact-us\/office\/\" \/>\n<meta property=\"og:locale\" content=\"en_US\" \/>\n<meta property=\"og:type\" content=\"article\" \/>\n<meta property=\"og:title\" content=\"Ehitus5Eco\" \/>\n<meta property=\"og:description\" content=\"We support the personal development of our people. We value their professional skills and competencies, spirit of cooperation, initiative and positive mindset.\" \/>\n<meta property=\"og:url\" content=\"https:\/\/ehitus5eco.ee\/en\/contact-us\/office\/\" \/>\n<meta property=\"og:site_name\" content=\"Ehitus5ECO\" \/>\n<meta property=\"article:modified_time\" content=\"2018-02-09T11:32:58+00:00\" \/>\n<meta name=\"twitter:card\" content=\"summary_large_image\" \/>\n<script type=\"application\/ld+json\" class=\"yoast-schema-graph\">{\"@context\":\"https:\\\/\\\/schema.org\",\"@graph\":[{\"@type\":\"WebPage\",\"@id\":\"https:\\\/\\\/ehitus5eco.ee\\\/en\\\/contact-us\\\/office\\\/\",\"url\":\"https:\\\/\\\/ehitus5eco.ee\\\/en\\\/contact-us\\\/office\\\/\",\"name\":\"Office - Ehitus5ECO\",\"isPartOf\":{\"@id\":\"https:\\\/\\\/ehitus5eco.ee\\\/en\\\/#website\"},\"datePublished\":\"2017-11-08T06:42:43+00:00\",\"dateModified\":\"2018-02-09T11:32:58+00:00\",\"description\":\"We support the personal development of our people. We value their professional skills and competencies, spirit of cooperation, initiative and positive mindset.\",\"breadcrumb\":{\"@id\":\"https:\\\/\\\/ehitus5eco.ee\\\/en\\\/contact-us\\\/office\\\/#breadcrumb\"},\"inLanguage\":\"en-US\",\"potentialAction\":[{\"@type\":\"ReadAction\",\"target\":[\"https:\\\/\\\/ehitus5eco.ee\\\/en\\\/contact-us\\\/office\\\/\"]}]},{\"@type\":\"BreadcrumbList\",\"@id\":\"https:\\\/\\\/ehitus5eco.ee\\\/en\\\/contact-us\\\/office\\\/#breadcrumb\",\"itemListElement\":[{\"@type\":\"ListItem\",\"position\":1,\"name\":\"Home\",\"item\":\"https:\\\/\\\/ehitus5eco.ee\\\/en\\\/\"},{\"@type\":\"ListItem\",\"position\":2,\"name\":\"Contact us\",\"item\":\"https:\\\/\\\/ehitus5eco.ee\\\/en\\\/contact-us\\\/\"},{\"@type\":\"ListItem\",\"position\":3,\"name\":\"Office\"}]},{\"@type\":\"WebSite\",\"@id\":\"https:\\\/\\\/ehitus5eco.ee\\\/en\\\/#website\",\"url\":\"https:\\\/\\\/ehitus5eco.ee\\\/en\\\/\",\"name\":\"Ehitus5ECO\",\"description\":\"ehitus ja peat\u00f6\u00f6v\u00f5tt\",\"potentialAction\":[{\"@type\":\"SearchAction\",\"target\":{\"@type\":\"EntryPoint\",\"urlTemplate\":\"https:\\\/\\\/ehitus5eco.ee\\\/en\\\/?s={search_term_string}\"},\"query-input\":{\"@type\":\"PropertyValueSpecification\",\"valueRequired\":true,\"valueName\":\"search_term_string\"}}],\"inLanguage\":\"en-US\"}]}<\/script>\n<!-- \/ Yoast SEO plugin. -->","yoast_head_json":{"title":"Office - Ehitus5ECO","description":"We support the personal development of our people. We value their professional skills and competencies, spirit of cooperation, initiative and positive mindset.","robots":{"index":"index","follow":"follow","max-snippet":"max-snippet:-1","max-image-preview":"max-image-preview:large","max-video-preview":"max-video-preview:-1"},"canonical":"https:\/\/ehitus5eco.ee\/en\/contact-us\/office\/","og_locale":"en_US","og_type":"article","og_title":"Ehitus5Eco","og_description":"We support the personal development of our people. We value their professional skills and competencies, spirit of cooperation, initiative and positive mindset.","og_url":"https:\/\/ehitus5eco.ee\/en\/contact-us\/office\/","og_site_name":"Ehitus5ECO","article_modified_time":"2018-02-09T11:32:58+00:00","twitter_card":"summary_large_image","schema":{"@context":"https:\/\/schema.org","@graph":[{"@type":"WebPage","@id":"https:\/\/ehitus5eco.ee\/en\/contact-us\/office\/","url":"https:\/\/ehitus5eco.ee\/en\/contact-us\/office\/","name":"Office - Ehitus5ECO","isPartOf":{"@id":"https:\/\/ehitus5eco.ee\/en\/#website"},"datePublished":"2017-11-08T06:42:43+00:00","dateModified":"2018-02-09T11:32:58+00:00","description":"We support the personal development of our people. We value their professional skills and competencies, spirit of cooperation, initiative and positive mindset.","breadcrumb":{"@id":"https:\/\/ehitus5eco.ee\/en\/contact-us\/office\/#breadcrumb"},"inLanguage":"en-US","potentialAction":[{"@type":"ReadAction","target":["https:\/\/ehitus5eco.ee\/en\/contact-us\/office\/"]}]},{"@type":"BreadcrumbList","@id":"https:\/\/ehitus5eco.ee\/en\/contact-us\/office\/#breadcrumb","itemListElement":[{"@type":"ListItem","position":1,"name":"Home","item":"https:\/\/ehitus5eco.ee\/en\/"},{"@type":"ListItem","position":2,"name":"Contact us","item":"https:\/\/ehitus5eco.ee\/en\/contact-us\/"},{"@type":"ListItem","position":3,"name":"Office"}]},{"@type":"WebSite","@id":"https:\/\/ehitus5eco.ee\/en\/#website","url":"https:\/\/ehitus5eco.ee\/en\/","name":"Ehitus5ECO","description":"ehitus ja peat\u00f6\u00f6v\u00f5tt","potentialAction":[{"@type":"SearchAction","target":{"@type":"EntryPoint","urlTemplate":"https:\/\/ehitus5eco.ee\/en\/?s={search_term_string}"},"query-input":{"@type":"PropertyValueSpecification","valueRequired":true,"valueName":"search_term_string"}}],"inLanguage":"en-US"}]}},"_links":{"self":[{"href":"https:\/\/ehitus5eco.ee\/en\/wp-json\/wp\/v2\/pages\/3637","targetHints":{"allow":["GET"]}}],"collection":[{"href":"https:\/\/ehitus5eco.ee\/en\/wp-json\/wp\/v2\/pages"}],"about":[{"href":"https:\/\/ehitus5eco.ee\/en\/wp-json\/wp\/v2\/types\/page"}],"author":[{"embeddable":true,"href":"https:\/\/ehitus5eco.ee\/en\/wp-json\/wp\/v2\/users\/1"}],"replies":[{"embeddable":true,"href":"https:\/\/ehitus5eco.ee\/en\/wp-json\/wp\/v2\/comments?post=3637"}],"version-history":[{"count":2,"href":"https:\/\/ehitus5eco.ee\/en\/wp-json\/wp\/v2\/pages\/3637\/revisions"}],"predecessor-version":[{"id":3708,"href":"https:\/\/ehitus5eco.ee\/en\/wp-json\/wp\/v2\/pages\/3637\/revisions\/3708"}],"up":[{"embeddable":true,"href":"https:\/\/ehitus5eco.ee\/en\/wp-json\/wp\/v2\/pages\/3633"}],"wp:attachment":[{"href":"https:\/\/ehitus5eco.ee\/en\/wp-json\/wp\/v2\/media?parent=3637"}],"curies":[{"name":"wp","href":"https:\/\/api.w.org\/{rel}","templated":true}]}}