{"id":3633,"date":"2017-11-08T08:41:18","date_gmt":"2017-11-08T06:41:18","guid":{"rendered":"http:\/\/ehitus5eco.ee\/kontaktid\/"},"modified":"2024-01-31T10:16:28","modified_gmt":"2024-01-31T08:16:28","slug":"contact-us","status":"publish","type":"page","link":"https:\/\/ehitus5eco.ee\/en\/contact-us\/","title":{"rendered":"Contact us"},"content":{"rendered":"<h1>Ehitus5ECO O\u00dc<\/h1>\n<p><a href=\"https:\/\/www.google.ee\/maps\/place\/Ehitus5ECO+O%C3%9C\/@59.4278899,24.6996886,17z\/data=!3m1!4b1!4m5!3m4!1s0x4692959c64d8abcd:0x3291de255f743ad0!8m2!3d59.4278899!4d24.7018773?hl=en\" target=\"_blank\" rel=\"noopener noreferrer\">Mustam\u00e4e tee 4, 10621 TALLINN<\/a><br \/>\nPhone: <a href=\"tel:6622608\">662 2608<\/a>,<br \/>\nE-mail:<a href=\"mailto:info@ehitus5eco.ee\"> info@ehitus5eco.ee<\/a><br \/>\nCommercial registry code:\u00a0 11715995<br \/>\nKMKR nr EE101325163<\/p>\n","protected":false},"excerpt":{"rendered":"<p>Ehitus5ECO O\u00dc Mustam\u00e4e tee 4, 10621 TALLINN Phone: 662 2608, E-mail: info@ehitus5eco.ee Commercial registry code:\u00a0 11715995 KMKR nr EE101325163<\/p>\n","protected":false},"author":1,"featured_media":0,"parent":0,"menu_order":16,"comment_status":"closed","ping_status":"closed","template":"templates\/kontakt.php","meta":{"_acf_changed":false,"footnotes":""},"class_list":["post-3633","page","type-page","status-publish","hentry"],"acf":[],"yoast_head":"<!-- This site is optimized with the Yoast SEO plugin v27.3 - https:\/\/yoast.com\/product\/yoast-seo-wordpress\/ -->\n<title>Construction Company Ehitus5Eco \u2013 Contact us<\/title>\n<meta name=\"description\" content=\"The construction company EHITUS5ECO is focused on building and renovation.\" \/>\n<meta name=\"robots\" content=\"index, follow, max-snippet:-1, max-image-preview:large, max-video-preview:-1\" \/>\n<link rel=\"canonical\" href=\"https:\/\/ehitus5eco.ee\/en\/contact-us\/\" \/>\n<meta property=\"og:locale\" content=\"en_US\" \/>\n<meta property=\"og:type\" content=\"article\" \/>\n<meta property=\"og:title\" content=\"Construction Company Ehitus5Eco \u2013 Contact us\" \/>\n<meta property=\"og:description\" content=\"The construction company EHITUS5ECO is focused on building and renovation.\" \/>\n<meta property=\"og:url\" content=\"https:\/\/ehitus5eco.ee\/en\/contact-us\/\" \/>\n<meta property=\"og:site_name\" content=\"Ehitus5ECO\" \/>\n<meta property=\"article:modified_time\" content=\"2024-01-31T08:16:28+00:00\" \/>\n<meta name=\"twitter:card\" content=\"summary_large_image\" \/>\n<script type=\"application\/ld+json\" class=\"yoast-schema-graph\">{\"@context\":\"https:\\\/\\\/schema.org\",\"@graph\":[{\"@type\":\"WebPage\",\"@id\":\"https:\\\/\\\/ehitus5eco.ee\\\/en\\\/contact-us\\\/\",\"url\":\"https:\\\/\\\/ehitus5eco.ee\\\/en\\\/contact-us\\\/\",\"name\":\"Construction Company Ehitus5Eco \u2013 Contact us\",\"isPartOf\":{\"@id\":\"https:\\\/\\\/ehitus5eco.ee\\\/en\\\/#website\"},\"datePublished\":\"2017-11-08T06:41:18+00:00\",\"dateModified\":\"2024-01-31T08:16:28+00:00\",\"description\":\"The construction company EHITUS5ECO is focused on building and renovation.\",\"breadcrumb\":{\"@id\":\"https:\\\/\\\/ehitus5eco.ee\\\/en\\\/contact-us\\\/#breadcrumb\"},\"inLanguage\":\"en-US\",\"potentialAction\":[{\"@type\":\"ReadAction\",\"target\":[\"https:\\\/\\\/ehitus5eco.ee\\\/en\\\/contact-us\\\/\"]}]},{\"@type\":\"BreadcrumbList\",\"@id\":\"https:\\\/\\\/ehitus5eco.ee\\\/en\\\/contact-us\\\/#breadcrumb\",\"itemListElement\":[{\"@type\":\"ListItem\",\"position\":1,\"name\":\"Home\",\"item\":\"https:\\\/\\\/ehitus5eco.ee\\\/en\\\/\"},{\"@type\":\"ListItem\",\"position\":2,\"name\":\"Contact us\"}]},{\"@type\":\"WebSite\",\"@id\":\"https:\\\/\\\/ehitus5eco.ee\\\/en\\\/#website\",\"url\":\"https:\\\/\\\/ehitus5eco.ee\\\/en\\\/\",\"name\":\"Ehitus5ECO\",\"description\":\"ehitus ja peat\u00f6\u00f6v\u00f5tt\",\"potentialAction\":[{\"@type\":\"SearchAction\",\"target\":{\"@type\":\"EntryPoint\",\"urlTemplate\":\"https:\\\/\\\/ehitus5eco.ee\\\/en\\\/?s={search_term_string}\"},\"query-input\":{\"@type\":\"PropertyValueSpecification\",\"valueRequired\":true,\"valueName\":\"search_term_string\"}}],\"inLanguage\":\"en-US\"}]}<\/script>\n<!-- \/ Yoast SEO plugin. -->","yoast_head_json":{"title":"Construction Company Ehitus5Eco \u2013 Contact us","description":"The construction company EHITUS5ECO is focused on building and renovation.","robots":{"index":"index","follow":"follow","max-snippet":"max-snippet:-1","max-image-preview":"max-image-preview:large","max-video-preview":"max-video-preview:-1"},"canonical":"https:\/\/ehitus5eco.ee\/en\/contact-us\/","og_locale":"en_US","og_type":"article","og_title":"Construction Company Ehitus5Eco \u2013 Contact us","og_description":"The construction company EHITUS5ECO is focused on building and renovation.","og_url":"https:\/\/ehitus5eco.ee\/en\/contact-us\/","og_site_name":"Ehitus5ECO","article_modified_time":"2024-01-31T08:16:28+00:00","twitter_card":"summary_large_image","schema":{"@context":"https:\/\/schema.org","@graph":[{"@type":"WebPage","@id":"https:\/\/ehitus5eco.ee\/en\/contact-us\/","url":"https:\/\/ehitus5eco.ee\/en\/contact-us\/","name":"Construction Company Ehitus5Eco \u2013 Contact us","isPartOf":{"@id":"https:\/\/ehitus5eco.ee\/en\/#website"},"datePublished":"2017-11-08T06:41:18+00:00","dateModified":"2024-01-31T08:16:28+00:00","description":"The construction company EHITUS5ECO is focused on building and renovation.","breadcrumb":{"@id":"https:\/\/ehitus5eco.ee\/en\/contact-us\/#breadcrumb"},"inLanguage":"en-US","potentialAction":[{"@type":"ReadAction","target":["https:\/\/ehitus5eco.ee\/en\/contact-us\/"]}]},{"@type":"BreadcrumbList","@id":"https:\/\/ehitus5eco.ee\/en\/contact-us\/#breadcrumb","itemListElement":[{"@type":"ListItem","position":1,"name":"Home","item":"https:\/\/ehitus5eco.ee\/en\/"},{"@type":"ListItem","position":2,"name":"Contact us"}]},{"@type":"WebSite","@id":"https:\/\/ehitus5eco.ee\/en\/#website","url":"https:\/\/ehitus5eco.ee\/en\/","name":"Ehitus5ECO","description":"ehitus ja peat\u00f6\u00f6v\u00f5tt","potentialAction":[{"@type":"SearchAction","target":{"@type":"EntryPoint","urlTemplate":"https:\/\/ehitus5eco.ee\/en\/?s={search_term_string}"},"query-input":{"@type":"PropertyValueSpecification","valueRequired":true,"valueName":"search_term_string"}}],"inLanguage":"en-US"}]}},"_links":{"self":[{"href":"https:\/\/ehitus5eco.ee\/en\/wp-json\/wp\/v2\/pages\/3633","targetHints":{"allow":["GET"]}}],"collection":[{"href":"https:\/\/ehitus5eco.ee\/en\/wp-json\/wp\/v2\/pages"}],"about":[{"href":"https:\/\/ehitus5eco.ee\/en\/wp-json\/wp\/v2\/types\/page"}],"author":[{"embeddable":true,"href":"https:\/\/ehitus5eco.ee\/en\/wp-json\/wp\/v2\/users\/1"}],"replies":[{"embeddable":true,"href":"https:\/\/ehitus5eco.ee\/en\/wp-json\/wp\/v2\/comments?post=3633"}],"version-history":[{"count":5,"href":"https:\/\/ehitus5eco.ee\/en\/wp-json\/wp\/v2\/pages\/3633\/revisions"}],"predecessor-version":[{"id":20149,"href":"https:\/\/ehitus5eco.ee\/en\/wp-json\/wp\/v2\/pages\/3633\/revisions\/20149"}],"wp:attachment":[{"href":"https:\/\/ehitus5eco.ee\/en\/wp-json\/wp\/v2\/media?parent=3633"}],"curies":[{"name":"wp","href":"https:\/\/api.w.org\/{rel}","templated":true}]}}