{"id":3619,"date":"2017-11-08T08:44:29","date_gmt":"2017-11-08T06:44:29","guid":{"rendered":"http:\/\/ehitus5eco.ee\/ettevottest\/"},"modified":"2025-12-31T10:40:16","modified_gmt":"2025-12-31T08:40:16","slug":"about-us","status":"publish","type":"page","link":"https:\/\/ehitus5eco.ee\/en\/about-us\/","title":{"rendered":"About us"},"content":{"rendered":"<h1>Building and renovation<\/h1>\n<p>Ehitus5ECO was founded in 2009 with Estonian capital. We focus on building and renovation on the basis of general contracting and project management.<\/p>\n<p>The company currently employs over 40 engineers and construction experts who form a well-balanced team of twenty years of experience and youthful enthusiasm.<\/p>\n<h2>Our main fields of construction<\/h2>\n<p>Our main fields of construction include public buildings, production and warehouse facilities, and residential buildings.<\/p>\n<p>Our best-known projects from the last years include a <a href=\"http:\/\/ehitus5eco.ee\/en\/portfolio\/construction-of-a-new-hall-and-reconstruction-of-the-building-of-the-nuku-theatre\/\">new hall and renovation of the NUKU Theatre<\/a>, <a href=\"http:\/\/ehitus5eco.ee\/en\/portfolio\/construction-of-the-nearly-zero-energy-building-of-polva-state-upper-secondary-school\/\">nearly zero-energy building of P\u00f5lva State Upper Secondary School<\/a>, <a href=\"http:\/\/ehitus5eco.ee\/en\/portfolio\/tallinn-veerise-kindergarten\/\">Tallinn Veerise Kindergarten<\/a>, Trimteks production facility, <a href=\"http:\/\/ehitus5eco.ee\/en\/portfolio\/construction-and-completion-of-the-central-warehouse-of-as-feb\/\">AS FEB central warehouse<\/a>, <a href=\"http:\/\/ehitus5eco.ee\/en\/portfolio\/floors-4-12-hotel-olumpia\/\">renovation of Hotel Ol\u00fcmpia<\/a>, <a href=\"http:\/\/ehitus5eco.ee\/en\/portfolio\/centennial-hotel\/\">Centennial Hotel<\/a>, <a href=\"http:\/\/ehitus5eco.ee\/en\/portfolio\/residential-buildings-vesioina-nomme\/\">apartment buildings in N\u00f5mme<\/a> and <a href=\"http:\/\/ehitus5eco.ee\/en\/portfolio\/residential-building-kiili-12\/\">Mustam\u00e4e<\/a>, and <a href=\"http:\/\/ehitus5eco.ee\/en\/portfolio\/terraced-house-nurme-poik\/\">terraced houses in Viimsi<\/a> and <a href=\"http:\/\/ehitus5eco.ee\/en\/portfolio\/terraced-house-kristiine\/\">Kristiine<\/a>.<\/p>\n<h2>Operating licences<\/h2>\n<p>Construction management <a href=\"https:\/\/mtr.mkm.ee\/juriidiline_isik\/85978\">EEJ002078<\/a><br \/>\nConstruction <a href=\"https:\/\/mtr.mkm.ee\/juriidiline_isik\/85978\">EEH004366<\/a><br \/>\nBuilding expert assessment <a href=\"https:\/\/mtr.mkm.ee\/juriidiline_isik\/85978\">EEK000820<\/a><br \/>\nBuilding design expert assessment <a href=\"https:\/\/mtr.mkm.ee\/juriidiline_isik\/85978\">EPE000695<\/a><br \/>\nOwner supervision <a href=\"https:\/\/mtr.mkm.ee\/juriidiline_isik\/85978\">EEO002541<\/a><br \/>\nDesigning <a href=\"https:\/\/mtr.mkm.ee\/juriidiline_isik\/85978\">EEP002180<\/a><br \/>\nLift installation <a href=\"https:\/\/mtr.mkm.ee\/juriidiline_isik\/85978\">TLP000008<\/a><br \/>\nElectrical works <a href=\"https:\/\/mtr.mkm.ee\/juriidiline_isik\/85978\">TEL002284<\/a><br \/>\nConstruction and maintenance <a href=\"https:\/\/mtr.mkm.ee\/juriidiline_isik\/85978\">FEH000492<\/a><br \/>\nDesigning <a href=\"https:\/\/mtr.mkm.ee\/juriidiline_isik\/85978\">FPR000337<\/a><br \/>\nHeritage conservation No. <a href=\"http:\/\/register.muinas.ee\/?menuID=activitylicence&amp;action=view&amp;id=2051\">E 454\/2009-E<\/a><\/p>\n","protected":false},"excerpt":{"rendered":"<p>Building and renovation Ehitus5ECO was founded in 2009 with Estonian capital. We focus on building and renovation on the basis of general contracting and project management. The company currently employs over 40 engineers and construction experts who form a well-balanced team of twenty years of experience and youthful enthusiasm. Our main fields of construction Our [&hellip;]<\/p>\n","protected":false},"author":1,"featured_media":0,"parent":0,"menu_order":8,"comment_status":"closed","ping_status":"closed","template":"templates\/ettevottest.php","meta":{"_acf_changed":false,"footnotes":""},"class_list":["post-3619","page","type-page","status-publish","hentry"],"acf":[],"yoast_head":"<!-- This site is optimized with the Yoast SEO plugin v27.4 - https:\/\/yoast.com\/product\/yoast-seo-wordpress\/ -->\n<title>Construction Company Ehitus5Eco \u2013 About us<\/title>\n<meta name=\"description\" content=\"The company currently employs over thirty engineers and construction experts who form a well-balanced team of twenty years of experience and youthful enthusiasm. Our main fields of construction include public buildings, production and warehouse facilities, and residential buildings.\" \/>\n<meta name=\"robots\" content=\"index, follow, max-snippet:-1, max-image-preview:large, max-video-preview:-1\" \/>\n<link rel=\"canonical\" href=\"https:\/\/ehitus5eco.ee\/en\/about-us\/\" \/>\n<meta property=\"og:locale\" content=\"en_US\" \/>\n<meta property=\"og:type\" content=\"article\" \/>\n<meta property=\"og:title\" content=\"Construction Company Ehitus5Eco \u2013 About us\" \/>\n<meta property=\"og:description\" content=\"The company currently employs over thirty engineers and construction experts who form a well-balanced team of twenty years of experience and youthful enthusiasm. Our main fields of construction include public buildings, production and warehouse facilities, and residential buildings.\" \/>\n<meta property=\"og:url\" content=\"https:\/\/ehitus5eco.ee\/en\/about-us\/\" \/>\n<meta property=\"og:site_name\" content=\"Ehitus5ECO\" \/>\n<meta property=\"article:modified_time\" content=\"2025-12-31T08:40:16+00:00\" \/>\n<meta name=\"twitter:card\" content=\"summary_large_image\" \/>\n<meta name=\"twitter:label1\" content=\"Est. reading time\" \/>\n\t<meta name=\"twitter:data1\" content=\"1 minute\" \/>\n<script type=\"application\/ld+json\" class=\"yoast-schema-graph\">{\"@context\":\"https:\\\/\\\/schema.org\",\"@graph\":[{\"@type\":\"WebPage\",\"@id\":\"https:\\\/\\\/ehitus5eco.ee\\\/en\\\/about-us\\\/\",\"url\":\"https:\\\/\\\/ehitus5eco.ee\\\/en\\\/about-us\\\/\",\"name\":\"Construction Company Ehitus5Eco \u2013 About us\",\"isPartOf\":{\"@id\":\"https:\\\/\\\/ehitus5eco.ee\\\/en\\\/#website\"},\"datePublished\":\"2017-11-08T06:44:29+00:00\",\"dateModified\":\"2025-12-31T08:40:16+00:00\",\"description\":\"The company currently employs over thirty engineers and construction experts who form a well-balanced team of twenty years of experience and youthful enthusiasm. Our main fields of construction include public buildings, production and warehouse facilities, and residential buildings.\",\"breadcrumb\":{\"@id\":\"https:\\\/\\\/ehitus5eco.ee\\\/en\\\/about-us\\\/#breadcrumb\"},\"inLanguage\":\"en-US\",\"potentialAction\":[{\"@type\":\"ReadAction\",\"target\":[\"https:\\\/\\\/ehitus5eco.ee\\\/en\\\/about-us\\\/\"]}]},{\"@type\":\"BreadcrumbList\",\"@id\":\"https:\\\/\\\/ehitus5eco.ee\\\/en\\\/about-us\\\/#breadcrumb\",\"itemListElement\":[{\"@type\":\"ListItem\",\"position\":1,\"name\":\"Home\",\"item\":\"https:\\\/\\\/ehitus5eco.ee\\\/en\\\/\"},{\"@type\":\"ListItem\",\"position\":2,\"name\":\"About us\"}]},{\"@type\":\"WebSite\",\"@id\":\"https:\\\/\\\/ehitus5eco.ee\\\/en\\\/#website\",\"url\":\"https:\\\/\\\/ehitus5eco.ee\\\/en\\\/\",\"name\":\"Ehitus5ECO\",\"description\":\"ehitus ja peat\u00f6\u00f6v\u00f5tt\",\"potentialAction\":[{\"@type\":\"SearchAction\",\"target\":{\"@type\":\"EntryPoint\",\"urlTemplate\":\"https:\\\/\\\/ehitus5eco.ee\\\/en\\\/?s={search_term_string}\"},\"query-input\":{\"@type\":\"PropertyValueSpecification\",\"valueRequired\":true,\"valueName\":\"search_term_string\"}}],\"inLanguage\":\"en-US\"}]}<\/script>\n<!-- \/ Yoast SEO plugin. -->","yoast_head_json":{"title":"Construction Company Ehitus5Eco \u2013 About us","description":"The company currently employs over thirty engineers and construction experts who form a well-balanced team of twenty years of experience and youthful enthusiasm. Our main fields of construction include public buildings, production and warehouse facilities, and residential buildings.","robots":{"index":"index","follow":"follow","max-snippet":"max-snippet:-1","max-image-preview":"max-image-preview:large","max-video-preview":"max-video-preview:-1"},"canonical":"https:\/\/ehitus5eco.ee\/en\/about-us\/","og_locale":"en_US","og_type":"article","og_title":"Construction Company Ehitus5Eco \u2013 About us","og_description":"The company currently employs over thirty engineers and construction experts who form a well-balanced team of twenty years of experience and youthful enthusiasm. Our main fields of construction include public buildings, production and warehouse facilities, and residential buildings.","og_url":"https:\/\/ehitus5eco.ee\/en\/about-us\/","og_site_name":"Ehitus5ECO","article_modified_time":"2025-12-31T08:40:16+00:00","twitter_card":"summary_large_image","twitter_misc":{"Est. reading time":"1 minute"},"schema":{"@context":"https:\/\/schema.org","@graph":[{"@type":"WebPage","@id":"https:\/\/ehitus5eco.ee\/en\/about-us\/","url":"https:\/\/ehitus5eco.ee\/en\/about-us\/","name":"Construction Company Ehitus5Eco \u2013 About us","isPartOf":{"@id":"https:\/\/ehitus5eco.ee\/en\/#website"},"datePublished":"2017-11-08T06:44:29+00:00","dateModified":"2025-12-31T08:40:16+00:00","description":"The company currently employs over thirty engineers and construction experts who form a well-balanced team of twenty years of experience and youthful enthusiasm. Our main fields of construction include public buildings, production and warehouse facilities, and residential buildings.","breadcrumb":{"@id":"https:\/\/ehitus5eco.ee\/en\/about-us\/#breadcrumb"},"inLanguage":"en-US","potentialAction":[{"@type":"ReadAction","target":["https:\/\/ehitus5eco.ee\/en\/about-us\/"]}]},{"@type":"BreadcrumbList","@id":"https:\/\/ehitus5eco.ee\/en\/about-us\/#breadcrumb","itemListElement":[{"@type":"ListItem","position":1,"name":"Home","item":"https:\/\/ehitus5eco.ee\/en\/"},{"@type":"ListItem","position":2,"name":"About us"}]},{"@type":"WebSite","@id":"https:\/\/ehitus5eco.ee\/en\/#website","url":"https:\/\/ehitus5eco.ee\/en\/","name":"Ehitus5ECO","description":"ehitus ja peat\u00f6\u00f6v\u00f5tt","potentialAction":[{"@type":"SearchAction","target":{"@type":"EntryPoint","urlTemplate":"https:\/\/ehitus5eco.ee\/en\/?s={search_term_string}"},"query-input":{"@type":"PropertyValueSpecification","valueRequired":true,"valueName":"search_term_string"}}],"inLanguage":"en-US"}]}},"_links":{"self":[{"href":"https:\/\/ehitus5eco.ee\/en\/wp-json\/wp\/v2\/pages\/3619","targetHints":{"allow":["GET"]}}],"collection":[{"href":"https:\/\/ehitus5eco.ee\/en\/wp-json\/wp\/v2\/pages"}],"about":[{"href":"https:\/\/ehitus5eco.ee\/en\/wp-json\/wp\/v2\/types\/page"}],"author":[{"embeddable":true,"href":"https:\/\/ehitus5eco.ee\/en\/wp-json\/wp\/v2\/users\/1"}],"replies":[{"embeddable":true,"href":"https:\/\/ehitus5eco.ee\/en\/wp-json\/wp\/v2\/comments?post=3619"}],"version-history":[{"count":5,"href":"https:\/\/ehitus5eco.ee\/en\/wp-json\/wp\/v2\/pages\/3619\/revisions"}],"predecessor-version":[{"id":20811,"href":"https:\/\/ehitus5eco.ee\/en\/wp-json\/wp\/v2\/pages\/3619\/revisions\/20811"}],"wp:attachment":[{"href":"https:\/\/ehitus5eco.ee\/en\/wp-json\/wp\/v2\/media?parent=3619"}],"curies":[{"name":"wp","href":"https:\/\/api.w.org\/{rel}","templated":true}]}}