{"id":3614,"date":"2017-11-08T08:38:41","date_gmt":"2017-11-08T06:38:41","guid":{"rendered":"http:\/\/ehitus5eco.ee\/avaleht\/"},"modified":"2018-02-16T10:41:40","modified_gmt":"2018-02-16T08:41:40","slug":"front-page","status":"publish","type":"page","link":"https:\/\/ehitus5eco.ee\/en\/","title":{"rendered":"Front page"},"content":{"rendered":"<p><span data-sheets-value=\"{&quot;1&quot;:2,&quot;2&quot;:&quot;The construction company EHITUS5ECO is focused on building and renovation.&quot;}\" data-sheets-userformat=\"{&quot;2&quot;:8961,&quot;3&quot;:[null,0],&quot;11&quot;:4,&quot;12&quot;:0,&quot;16&quot;:10}\">The construction company EHITUS5ECO is focused on building and renovation.<\/span><\/p>\n","protected":false},"excerpt":{"rendered":"<p>The construction company EHITUS5ECO is focused on building and renovation.<\/p>\n","protected":false},"author":1,"featured_media":0,"parent":0,"menu_order":13,"comment_status":"closed","ping_status":"closed","template":"templates\/avaleht.php","meta":{"_acf_changed":false,"footnotes":""},"class_list":["post-3614","page","type-page","status-publish","hentry"],"acf":[],"yoast_head":"<!-- This site is optimized with the Yoast SEO plugin v27.3 - https:\/\/yoast.com\/product\/yoast-seo-wordpress\/ -->\n<title>Construction Company in Estonia \u2013 Ehitus5Eco<\/title>\n<meta name=\"description\" content=\"Our main fields of construction include public buildings, production and warehouse facilities, and residential buildings.\" \/>\n<meta name=\"robots\" content=\"index, follow, max-snippet:-1, max-image-preview:large, max-video-preview:-1\" \/>\n<link rel=\"canonical\" href=\"https:\/\/ehitus5eco.ee\/en\/\" \/>\n<meta property=\"og:locale\" content=\"en_US\" \/>\n<meta property=\"og:type\" content=\"article\" \/>\n<meta property=\"og:title\" content=\"Construction Company in Estonia \u2013 Ehitus5Eco\" \/>\n<meta property=\"og:description\" content=\"Our main fields of construction include public buildings, production and warehouse facilities, and residential buildings.\" \/>\n<meta property=\"og:url\" content=\"https:\/\/ehitus5eco.ee\/en\/\" \/>\n<meta property=\"og:site_name\" content=\"Ehitus5ECO\" \/>\n<meta property=\"article:modified_time\" content=\"2018-02-16T08:41:40+00:00\" \/>\n<meta name=\"twitter:card\" content=\"summary_large_image\" \/>\n<script type=\"application\/ld+json\" class=\"yoast-schema-graph\">{\"@context\":\"https:\\\/\\\/schema.org\",\"@graph\":[{\"@type\":\"WebPage\",\"@id\":\"https:\\\/\\\/ehitus5eco.ee\\\/en\\\/\",\"url\":\"https:\\\/\\\/ehitus5eco.ee\\\/en\\\/\",\"name\":\"Construction Company in Estonia \u2013 Ehitus5Eco\",\"isPartOf\":{\"@id\":\"https:\\\/\\\/ehitus5eco.ee\\\/en\\\/#website\"},\"datePublished\":\"2017-11-08T06:38:41+00:00\",\"dateModified\":\"2018-02-16T08:41:40+00:00\",\"description\":\"Our main fields of construction include public buildings, production and warehouse facilities, and residential buildings.\",\"breadcrumb\":{\"@id\":\"https:\\\/\\\/ehitus5eco.ee\\\/en\\\/#breadcrumb\"},\"inLanguage\":\"en-US\",\"potentialAction\":[{\"@type\":\"ReadAction\",\"target\":[\"https:\\\/\\\/ehitus5eco.ee\\\/en\\\/\"]}]},{\"@type\":\"BreadcrumbList\",\"@id\":\"https:\\\/\\\/ehitus5eco.ee\\\/en\\\/#breadcrumb\",\"itemListElement\":[{\"@type\":\"ListItem\",\"position\":1,\"name\":\"Home\",\"item\":\"https:\\\/\\\/ehitus5eco.ee\\\/en\\\/\"},{\"@type\":\"ListItem\",\"position\":2,\"name\":\"Front page\"}]},{\"@type\":\"WebSite\",\"@id\":\"https:\\\/\\\/ehitus5eco.ee\\\/en\\\/#website\",\"url\":\"https:\\\/\\\/ehitus5eco.ee\\\/en\\\/\",\"name\":\"Ehitus5ECO\",\"description\":\"ehitus ja peat\u00f6\u00f6v\u00f5tt\",\"potentialAction\":[{\"@type\":\"SearchAction\",\"target\":{\"@type\":\"EntryPoint\",\"urlTemplate\":\"https:\\\/\\\/ehitus5eco.ee\\\/en\\\/?s={search_term_string}\"},\"query-input\":{\"@type\":\"PropertyValueSpecification\",\"valueRequired\":true,\"valueName\":\"search_term_string\"}}],\"inLanguage\":\"en-US\"}]}<\/script>\n<!-- \/ Yoast SEO plugin. -->","yoast_head_json":{"title":"Construction Company in Estonia \u2013 Ehitus5Eco","description":"Our main fields of construction include public buildings, production and warehouse facilities, and residential buildings.","robots":{"index":"index","follow":"follow","max-snippet":"max-snippet:-1","max-image-preview":"max-image-preview:large","max-video-preview":"max-video-preview:-1"},"canonical":"https:\/\/ehitus5eco.ee\/en\/","og_locale":"en_US","og_type":"article","og_title":"Construction Company in Estonia \u2013 Ehitus5Eco","og_description":"Our main fields of construction include public buildings, production and warehouse facilities, and residential buildings.","og_url":"https:\/\/ehitus5eco.ee\/en\/","og_site_name":"Ehitus5ECO","article_modified_time":"2018-02-16T08:41:40+00:00","twitter_card":"summary_large_image","schema":{"@context":"https:\/\/schema.org","@graph":[{"@type":"WebPage","@id":"https:\/\/ehitus5eco.ee\/en\/","url":"https:\/\/ehitus5eco.ee\/en\/","name":"Construction Company in Estonia \u2013 Ehitus5Eco","isPartOf":{"@id":"https:\/\/ehitus5eco.ee\/en\/#website"},"datePublished":"2017-11-08T06:38:41+00:00","dateModified":"2018-02-16T08:41:40+00:00","description":"Our main fields of construction include public buildings, production and warehouse facilities, and residential buildings.","breadcrumb":{"@id":"https:\/\/ehitus5eco.ee\/en\/#breadcrumb"},"inLanguage":"en-US","potentialAction":[{"@type":"ReadAction","target":["https:\/\/ehitus5eco.ee\/en\/"]}]},{"@type":"BreadcrumbList","@id":"https:\/\/ehitus5eco.ee\/en\/#breadcrumb","itemListElement":[{"@type":"ListItem","position":1,"name":"Home","item":"https:\/\/ehitus5eco.ee\/en\/"},{"@type":"ListItem","position":2,"name":"Front page"}]},{"@type":"WebSite","@id":"https:\/\/ehitus5eco.ee\/en\/#website","url":"https:\/\/ehitus5eco.ee\/en\/","name":"Ehitus5ECO","description":"ehitus ja peat\u00f6\u00f6v\u00f5tt","potentialAction":[{"@type":"SearchAction","target":{"@type":"EntryPoint","urlTemplate":"https:\/\/ehitus5eco.ee\/en\/?s={search_term_string}"},"query-input":{"@type":"PropertyValueSpecification","valueRequired":true,"valueName":"search_term_string"}}],"inLanguage":"en-US"}]}},"_links":{"self":[{"href":"https:\/\/ehitus5eco.ee\/en\/wp-json\/wp\/v2\/pages\/3614","targetHints":{"allow":["GET"]}}],"collection":[{"href":"https:\/\/ehitus5eco.ee\/en\/wp-json\/wp\/v2\/pages"}],"about":[{"href":"https:\/\/ehitus5eco.ee\/en\/wp-json\/wp\/v2\/types\/page"}],"author":[{"embeddable":true,"href":"https:\/\/ehitus5eco.ee\/en\/wp-json\/wp\/v2\/users\/1"}],"replies":[{"embeddable":true,"href":"https:\/\/ehitus5eco.ee\/en\/wp-json\/wp\/v2\/comments?post=3614"}],"version-history":[{"count":5,"href":"https:\/\/ehitus5eco.ee\/en\/wp-json\/wp\/v2\/pages\/3614\/revisions"}],"predecessor-version":[{"id":3717,"href":"https:\/\/ehitus5eco.ee\/en\/wp-json\/wp\/v2\/pages\/3614\/revisions\/3717"}],"wp:attachment":[{"href":"https:\/\/ehitus5eco.ee\/en\/wp-json\/wp\/v2\/media?parent=3614"}],"curies":[{"name":"wp","href":"https:\/\/api.w.org\/{rel}","templated":true}]}}